{"id":209,"date":"2025-11-19T14:22:29","date_gmt":"2025-11-19T13:22:29","guid":{"rendered":"https:\/\/espaces-verts-percheron.fr\/?page_id=209"},"modified":"2025-11-19T14:41:18","modified_gmt":"2025-11-19T13:41:18","slug":"contact","status":"publish","type":"page","link":"https:\/\/espaces-verts-percheron.fr\/index.php\/contact\/","title":{"rendered":"contact"},"content":{"rendered":"\t\t<div data-elementor-type=\"wp-page\" data-elementor-id=\"209\" class=\"elementor elementor-209\">\n\t\t\t\t<div class=\"elementor-element elementor-element-d99def6 e-flex e-con-boxed e-con e-parent\" data-id=\"d99def6\" data-element_type=\"container\" data-e-type=\"container\">\n\t\t\t\t\t<div class=\"e-con-inner\">\n\t\t\t\t<div class=\"elementor-element elementor-element-c72c99e elementor-widget elementor-widget-html\" data-id=\"c72c99e\" data-element_type=\"widget\" data-e-type=\"widget\" data-widget_type=\"html.default\">\n\t\t\t\t\t<!-- LOGO FIXE -->\r\n<style>\r\n.site-logo-fixed {\r\n  position: fixed;\r\n  top: 30px;\r\n  left: 40px;\r\n  z-index: 9999;\r\n  background: rgba(255,255,255,0.92);\r\n  padding: 8px 16px;\r\n  border-radius: 10px;\r\n  box-shadow: 0 4px 18px rgba(0,0,0,0.18);\r\n}\r\n.site-logo-fixed img {\r\n  width: 230px;\r\n  height: auto;\r\n}\r\n@media (max-width: 768px) {\r\n  .site-logo-fixed {\r\n    top: 15px;\r\n    left: 15px;\r\n    padding: 6px 12px;\r\n  }\r\n  .site-logo-fixed img {\r\n    width: 170px;\r\n  }\r\n}\r\n<\/style>\r\n\r\n<div class=\"site-logo-fixed\">\r\n  <img decoding=\"async\" src=\"https:\/\/espaces-verts-percheron.fr\/wp-content\/uploads\/2025\/11\/logo-coeur-scaled.png\" alt=\"Espace Vert Percheron\">\r\n<\/div>\r\n\r\n<!-- HERO CONTACT -->\r\n<section style=\"padding:120px 20px; background:url('https:\/\/espaces-verts-percheron.fr\/wp-content\/uploads\/2025\/11\/IMG-20251110-WA0096.jpg') center\/cover;\">\r\n  <div style=\"background:rgba(0,0,0,0.45); padding:40px; max-width:650px; border-radius:10px;\">\r\n    <h1 style=\"color:#fff; margin:0 0 15px;\">Contact & informations pratiques<\/h1>\r\n    <p style=\"color:#fff; font-size:20px;\">\r\n      Une question, un conseil, un devis ou un rendez-vous \u00e0 la p\u00e9pini\u00e8re&nbsp;?\r\n    <\/p>\r\n  <\/div>\r\n<\/section>\r\n\t\t\t\t<\/div>\n\t\t\t\t\t<\/div>\n\t\t\t\t<\/div>\n\t\t<div class=\"elementor-element elementor-element-771fd4d e-flex e-con-boxed e-con e-parent\" data-id=\"771fd4d\" data-element_type=\"container\" data-e-type=\"container\">\n\t\t\t\t\t<div class=\"e-con-inner\">\n\t\t\t\t<div class=\"elementor-element elementor-element-c485c4e elementor-widget elementor-widget-html\" data-id=\"c485c4e\" data-element_type=\"widget\" data-e-type=\"widget\" data-widget_type=\"html.default\">\n\t\t\t\t\t<section style=\"padding:60px 20px; background:#f7f2e7;\">\r\n  <div style=\"max-width:1100px; margin:0 auto; display:grid; grid-template-columns:repeat(auto-fit, minmax(280px,1fr)); gap:40px; align-items:flex-start;\">\r\n\r\n    <div>\r\n      <h2 style=\"color:#324c2b; font-size:30px; margin-bottom:20px;\">Coordonn\u00e9es<\/h2>\r\n\r\n      <p style=\"font-size:17px; line-height:1.6;\">\r\n        <strong>Espace Vert Percheron<\/strong><br>\r\n        2 La Sarriette<br>\r\n        28480 Miermaigne\r\n      <\/p>\r\n\r\n      <p style=\"font-size:17px; line-height:1.6; margin-top:10px;\">\r\n        T\u00e9l\u00e9phone : \r\n        <a href=\"tel:+33650940955\" style=\"color:#324c2b; font-weight:bold;\">\r\n          06&nbsp;50&nbsp;94&nbsp;09&nbsp;55\r\n        <\/a>\r\n      <\/p>\r\n\r\n      <p style=\"font-size:17px; line-height:1.6; margin-top:10px;\">\r\n        E-mail : \r\n        <a href=\"mailto:contact@espaces-verts-percheron.fr\" style=\"color:#324c2b; font-weight:bold;\">\r\n          contact@espaces-verts-percheron.fr\r\n        <\/a>\r\n      <\/p>\r\n\r\n      <p style=\"font-size:17px; line-height:1.6; margin-top:15px;\">\r\n        Retrouvez-nous aussi sur Facebook :<br>\r\n        <a href=\"https:\/\/www.facebook.com\/profile.php?id=100086557860242\" target=\"_blank\" rel=\"noopener\" style=\"color:#324c2b;\">\r\n          Page Facebook Espace Vert Percheron\r\n        <\/a>\r\n      <\/p>\r\n    <\/div>\r\n\r\n    <div>\r\n      <h3 style=\"color:#324c2b; font-size:22px; margin-bottom:15px;\">Nous situer<\/h3>\r\n      <div style=\"border-radius:10px; overflow:hidden; box-shadow:0 4px 15px rgba(0,0,0,0.12);\">\r\n        <iframe \r\n          src=\"https:\/\/www.google.com\/maps\/embed?pb=!1m18!1m12!1m3!1d2658.9737331416657!2d0.9684798120702865!3d48.30841927114383!2m3!1f0!2f0!3f0!3m2!1i1024!2i768!4f13.1!3m3!1m2!1s0x47e196b4321cb8a7%3A0x714ca1f8c166a346!2sEspace%20Vert%20Percheron!5e0!3m2!1sfr!2sfr!4v1731692332194!5m2!1sfr!2sfr\"\r\n          width=\"100%\" height=\"260\" style=\"border:0;\" allowfullscreen=\"\" loading=\"lazy\"><\/iframe>\r\n      <\/div>\r\n    <\/div>\r\n\r\n  <\/div>\r\n<\/section>\r\n\t\t\t\t<\/div>\n\t\t\t\t\t<\/div>\n\t\t\t\t<\/div>\n\t\t<div class=\"elementor-element elementor-element-49d5c6b e-flex e-con-boxed e-con e-parent\" data-id=\"49d5c6b\" data-element_type=\"container\" data-e-type=\"container\">\n\t\t\t\t\t<div class=\"e-con-inner\">\n\t\t\t\t<div class=\"elementor-element elementor-element-8cfea56 elementor-widget elementor-widget-stepbooking\" data-id=\"8cfea56\" data-element_type=\"widget\" data-e-type=\"widget\" data-widget_type=\"stepbooking.default\">\n\t\t\t\t<div class=\"elementor-widget-container\">\n\t\t\t\t\t\n<script>\n  if (typeof hasAmeliaEntitiesApiCall === 'undefined' && ('' === '' && '' !== '1')) {\n    var hasAmeliaEntitiesApiCall = true;\n  }\n  var ameliaShortcodeData = (typeof ameliaShortcodeData === 'undefined') ? [] : ameliaShortcodeData;\n  ameliaShortcodeData.push(\n    {\n      'hasApiCall': (typeof hasAmeliaEntitiesApiCall !== 'undefined') && hasAmeliaEntitiesApiCall,\n      'trigger': '',\n      'trigger_type': '',\n      'triggered_form': 'sbsNew',\n      'in_dialog': '',\n      'show': '',\n      'counter': '1000',\n      'category': '',\n      'service': '',\n      'employee': '',\n      'location': '',\n      'package': '',\n      'layout': '1',\n    }\n  );\n\n  var ameliaShortcodeDataTriggered = (typeof ameliaShortcodeDataTriggered === 'undefined') ? [] : ameliaShortcodeDataTriggered;\n  if (ameliaShortcodeData[ameliaShortcodeData.length - 1].trigger !== '') {\n    if (ameliaShortcodeDataTriggered.filter(a => a.counter === ameliaShortcodeData[ameliaShortcodeData.length - 1].counter).length === 0) {\n      ameliaShortcodeDataTriggered.push(ameliaShortcodeData.pop());\n    } else {\n      ameliaShortcodeData.pop()\n    }\n  }\n  if (typeof hasAmeliaEntitiesApiCall !== 'undefined' && hasAmeliaEntitiesApiCall) {\n    hasAmeliaEntitiesApiCall = false;\n  }\n<\/script>\n\n<div\n  id=\"amelia-v2-booking-1000\"\n  class=\"amelia-v2-booking\"\n >\n    <step-form-wrapper><\/step-form-wrapper><\/div>\n\t\t\t\t<\/div>\n\t\t\t\t<\/div>\n\t\t\t\t\t<\/div>\n\t\t\t\t<\/div>\n\t\t<div class=\"elementor-element elementor-element-f2e1357 e-flex e-con-boxed e-con e-parent\" data-id=\"f2e1357\" data-element_type=\"container\" data-e-type=\"container\">\n\t\t\t\t\t<div class=\"e-con-inner\">\n\t\t\t\t<div class=\"elementor-element elementor-element-bac2395 elementor-widget elementor-widget-html\" data-id=\"bac2395\" data-element_type=\"widget\" data-e-type=\"widget\" data-widget_type=\"html.default\">\n\t\t\t\t\t<section style=\"padding:60px 20px; background:#f7f2e7;\">\r\n  <div style=\"max-width:900px; margin:0 auto;\">\r\n    <h2 style=\"color:#324c2b; margin-bottom:20px;\">Envoyer un message<\/h2>\r\n    <p style=\"font-size:17px; line-height:1.6; margin-bottom:25px;\">\r\n      Vous pouvez aussi nous \u00e9crire directement via ce formulaire. Votre logiciel de messagerie s\u2019ouvrira avec les informations pr\u00e9remplies.\r\n    <\/p>\r\n\r\n    <form action=\"mailto:contact@espaces-verts-percheron.fr\" method=\"post\" enctype=\"text\/plain\" style=\"display:grid; grid-template-columns:1fr 1fr; gap:20px; font-size:16px;\">\r\n\r\n      <div style=\"grid-column:1 \/ 2;\">\r\n        <label for=\"nom\">Nom *<\/label><br>\r\n        <input type=\"text\" id=\"nom\" name=\"Nom\" required style=\"width:100%; padding:8px; margin-top:5px;\">\r\n      <\/div>\r\n\r\n      <div style=\"grid-column:2 \/ 3;\">\r\n        <label for=\"prenom\">Pr\u00e9nom<\/label><br>\r\n        <input type=\"text\" id=\"prenom\" name=\"Pr\u00e9nom\" style=\"width:100%; padding:8px; margin-top:5px;\">\r\n      <\/div>\r\n\r\n      <div style=\"grid-column:1 \/ 2;\">\r\n        <label for=\"email\">E-mail *<\/label><br>\r\n        <input type=\"email\" id=\"email\" name=\"Email\" required style=\"width:100%; padding:8px; margin-top:5px;\">\r\n      <\/div>\r\n\r\n      <div style=\"grid-column:2 \/ 3;\">\r\n        <label for=\"telephone\">T\u00e9l\u00e9phone<\/label><br>\r\n        <input type=\"tel\" id=\"telephone\" name=\"T\u00e9l\u00e9phone\" style=\"width:100%; padding:8px; margin-top:5px;\">\r\n      <\/div>\r\n\r\n      <div style=\"grid-column:1 \/ 3;\">\r\n        <label for=\"sujet\">Sujet<\/label><br>\r\n        <input type=\"text\" id=\"sujet\" name=\"Sujet\" style=\"width:100%; padding:8px; margin-top:5px;\">\r\n      <\/div>\r\n\r\n      <div style=\"grid-column:1 \/ 3;\">\r\n        <label for=\"message\">Votre message *<\/label><br>\r\n        <textarea id=\"message\" name=\"Message\" rows=\"5\" required style=\"width:100%; padding:8px; margin-top:5px;\"><\/textarea>\r\n      <\/div>\r\n\r\n      <div style=\"grid-column:1 \/ 3; text-align:right; margin-top:10px;\">\r\n        <button type=\"submit\" style=\"background:#324c2b; color:#fff; border:none; padding:10px 24px; border-radius:4px; font-weight:600; cursor:pointer;\">\r\n          Envoyer le message\r\n        <\/button>\r\n      <\/div>\r\n\r\n    <\/form>\r\n  <\/div>\r\n<\/section>\r\n\t\t\t\t<\/div>\n\t\t\t\t\t<\/div>\n\t\t\t\t<\/div>\n\t\t<div class=\"elementor-element elementor-element-ed5c4fd e-flex e-con-boxed e-con e-parent\" data-id=\"ed5c4fd\" data-element_type=\"container\" data-e-type=\"container\">\n\t\t\t\t\t<div class=\"e-con-inner\">\n\t\t\t\t<div class=\"elementor-element elementor-element-3f1d64d elementor-widget elementor-widget-html\" data-id=\"3f1d64d\" data-element_type=\"widget\" data-e-type=\"widget\" data-widget_type=\"html.default\">\n\t\t\t\t\t<a href=\"\/\"\r\n   style=\"display:inline-block;\r\n          background:#324c2b;\r\n          color:#fff;\r\n          padding:12px 28px;\r\n          border-radius:6px;\r\n          font-weight:600;\r\n          font-size:17px;\r\n          text-decoration:none;\r\n          margin-top:20px;\r\n          transition:0.2s;\">\r\n  \u2190 Retour \u00e0 l\u2019accueil\r\n<\/a>\r\n\t\t\t\t<\/div>\n\t\t\t\t\t<\/div>\n\t\t\t\t<\/div>\n\t\t\t\t<\/div>\n\t\t","protected":false},"excerpt":{"rendered":"<p>Contact &#038; informations pratiques Une question, un conseil, un devis ou un rendez-vous \u00e0 la p\u00e9pini\u00e8re&nbsp;? Coordonn\u00e9es Espace Vert Percheron 2 La Sarriette 28480 Miermaigne T\u00e9l\u00e9phone : 06&nbsp;50&nbsp;94&nbsp;09&nbsp;55 E-mail : contact@espaces-verts-percheron.fr Retrouvez-nous aussi sur Facebook : Page Facebook Espace Vert Percheron Nous situer Envoyer un message Vous pouvez aussi nous \u00e9crire directement via ce formulaire. [&hellip;]<\/p>\n","protected":false},"author":1,"featured_media":0,"parent":0,"menu_order":0,"comment_status":"closed","ping_status":"closed","template":"elementor_canvas","meta":{"footnotes":""},"class_list":["post-209","page","type-page","status-publish","hentry"],"_links":{"self":[{"href":"https:\/\/espaces-verts-percheron.fr\/index.php\/wp-json\/wp\/v2\/pages\/209","targetHints":{"allow":["GET"]}}],"collection":[{"href":"https:\/\/espaces-verts-percheron.fr\/index.php\/wp-json\/wp\/v2\/pages"}],"about":[{"href":"https:\/\/espaces-verts-percheron.fr\/index.php\/wp-json\/wp\/v2\/types\/page"}],"author":[{"embeddable":true,"href":"https:\/\/espaces-verts-percheron.fr\/index.php\/wp-json\/wp\/v2\/users\/1"}],"replies":[{"embeddable":true,"href":"https:\/\/espaces-verts-percheron.fr\/index.php\/wp-json\/wp\/v2\/comments?post=209"}],"version-history":[{"count":10,"href":"https:\/\/espaces-verts-percheron.fr\/index.php\/wp-json\/wp\/v2\/pages\/209\/revisions"}],"predecessor-version":[{"id":244,"href":"https:\/\/espaces-verts-percheron.fr\/index.php\/wp-json\/wp\/v2\/pages\/209\/revisions\/244"}],"wp:attachment":[{"href":"https:\/\/espaces-verts-percheron.fr\/index.php\/wp-json\/wp\/v2\/media?parent=209"}],"curies":[{"name":"wp","href":"https:\/\/api.w.org\/{rel}","templated":true}]}}